{"id":116,"date":"2019-12-09T18:56:56","date_gmt":"2019-12-09T18:56:56","guid":{"rendered":"http:\/\/www.bias-project.org\/?page_id=116"},"modified":"2024-04-19T16:35:37","modified_gmt":"2024-04-19T15:35:37","slug":"publications","status":"publish","type":"page","link":"https:\/\/bias-project.org\/index.php\/publications\/","title":{"rendered":"Publications"},"content":{"rendered":"\t\t<div data-elementor-type=\"wp-page\" data-elementor-id=\"116\" class=\"elementor elementor-116\">\n\t\t\t\t\t\t\t\t\t<section class=\"elementor-section elementor-top-section elementor-element elementor-element-70facf18 elementor-section-boxed elementor-section-height-default elementor-section-height-default\" data-id=\"70facf18\" data-element_type=\"section\">\n\t\t\t\t\t\t<div class=\"elementor-container elementor-column-gap-default\">\n\t\t\t\t\t<div class=\"elementor-column elementor-col-100 elementor-top-column elementor-element elementor-element-39aed6db\" data-id=\"39aed6db\" data-element_type=\"column\">\n\t\t\t<div class=\"elementor-widget-wrap elementor-element-populated\">\n\t\t\t\t\t\t\t\t<div class=\"elementor-element elementor-element-6ecaa82a elementor-widget elementor-widget-text-editor\" data-id=\"6ecaa82a\" data-element_type=\"widget\" data-widget_type=\"text-editor.default\">\n\t\t\t\t<div class=\"elementor-widget-container\">\n\t\t\t\t\t\t\t<p><!-- wp:paragraph --><\/p>\n<p><strong>Jan Horstmann<\/strong>, &#8220;CJEU: The Rating of a Natural Person\u2019s Creditworthiness by a Credit Rating Agency Constitutes Profiling and can be an Automated Decision under Article 22 GDPR&#8221;, European Data Protection Law, case notes (forthcoming).<\/p>\n<p><strong>Donal Khosrowi, Philippe van Basshuysen<\/strong>, \u201cMaking a Murderer \u2013 How risk assessment tools may produce rather than predict criminal behavior\u201d, <em>American Philosophical Quarterly (forthcoming)<\/em>.<\/p>\n<p><strong>Thomas Norrenbrock, Marco Rudolph, and Bodo Rosenhahn<\/strong>, &#8220;<a href=\"https:\/\/doi.org\/10.1609\/aaai.v38i19.30145\" target=\"_blank\" rel=\"noopener\">Q-SENN: Quantized Self-Explaining Neural Networks<\/a>&#8220;, <em>38th AAAI Conference on Artificial Intelligence<\/em>, Vancouver, February 2024.<\/p>\n<p><strong>Arjun Roy, Jan Horstmann, and Eirini Ntoutsi<\/strong>, &#8220;<a href=\"https:\/\/doi.org\/10.1145\/3593013.3593979\" target=\"_blank\" rel=\"noopener\">Multi-dimensional Discrimination in Law and Machine learning &#8211; A Comparative Overview<\/a>&#8220;, <em>Conference on Fairness, Accountability and Transparency (FAccT)<\/em>, Chicago, June 2023. Preprint available on <a href=\"https:\/\/arxiv.org\/abs\/2302.05995\" target=\"_blank\" rel=\"noopener\">arxiv<\/a>.<\/p>\n<p><strong>Margrit Seckelmann<\/strong>, &#8220;<a href=\"https:\/\/doi.org\/10.3790\/verw.56.1.1\" target=\"_blank\" rel=\"noopener\">K\u00fcnstliche Intelligenz in der Verwaltung &#8211; Der Entwurf einer europ\u00e4ischen KI-Verordnung und der Umgang mit informationstechnischen Risiken<\/a>&#8220;, <em>Die Verwaltung 56 (2023),<\/em> 1-29.<\/p>\n<p><strong>Thomas Norrenbrock, Marco Rudolph, and Bodo Rosenhahn<\/strong>, &#8220;<a href=\"https:\/\/doi.org\/10.48550\/arXiv.2303.13166\" target=\"_blank\" rel=\"noopener\">Take 5: interpretable image classification with a handful of features<\/a>&#8220;, presented at <em>Progress and Challenges in Building Trustworthy Embodied AI @NeurIPS<\/em>, December 2022.<\/p>\n<p><strong>Christian Heinze<\/strong> (ed.), &#8220;<a href=\"http:\/\/olwir.de\/?content=reihen\/uebersicht&amp;sort=tb&amp;isbn=978-3-95599-075-6\" target=\"_blank\" rel=\"noopener\">Daten, Plattformen und KI als Dreiklang unserer Zeit &#8211; Tagungsband zur 23. DSRI-Herbstakademie 2022<\/a>&#8220;, Oldenburger Verlag f\u00fcr Wirtschaft, Informatik und Recht, 2022, XV, 919 S.<\/p>\n<p><strong>Arjun Roy, Vasileios Iosifidis, and Eirini Ntoutsi<\/strong>, &#8220;<a href=\"https:\/\/doi.org\/10.1007\/978-3-031-18840-4_21\" target=\"_blank\" rel=\"noopener\">Multi-fairness Under Class-Imbalance.<\/a>&#8221; In Pacal, P., Ienco, D. (eds.) Discovery Science. DS 2022. Lecture Notes in Computer Science 13601. Springer, Cham.<\/p>\n<p><strong>Caroline Gentgen-Barg<\/strong>, &#8220;<a href=\"http:\/\/olwir.de\/?content=reihen\/uebersicht&amp;sort=tb&amp;isbn=978-3-95599-075-6\" target=\"_blank\" rel=\"noopener\">Fairnessmetriken bei algorithmischen Entscheidungen aus juristischer Perspektive<\/a>&#8220;, in Heinze (ed.)<em>: Daten, Plattformen und KI als Dreiklang unserer Zeit &#8211; Tagungsband der Herbstakademie der deutschen Stiftung f\u00fcr Recht und Informatik<\/em>, Edewecht 2022, 543-560.<\/p>\n<p><strong>Philippe van Basshuysen<\/strong>, &#8220;<a href=\"https:\/\/dx.doi.org\/10.1080\/1350178X.2022.2100919\" target=\"_blank\" rel=\"noopener\">Markets, Market Algorithms, and Algorithmic Bias<\/a>&#8220;,<em> Journal of Economic Methodology<\/em> (Online first August 2022, vol. 30 issue 4, 2023).<\/p>\n<p><strong>Jan Horstmann and Stefan Dalmer<\/strong>, &#8220;<a href=\"https:\/\/beck-online.beck.de\/Bcid\/Y-300-Z-ZD-B-2022-S-260-N-1\" target=\"_blank\" rel=\"noopener\">Automatisierte Kreditw\u00fcrdigkeitspr\u00fcfung<\/a>&#8220;, <em>Zeitschrift f\u00fcr Datenschutz<\/em> 2022, 260-265.<\/p>\n<p><strong>Lucie White, Philippe van Basshuysen, and Mathias Frisch<\/strong>, &#8220;<a href=\"https:\/\/doi.org\/10.5195\/pom.2022.85\" target=\"_blank\" rel=\"noopener\">When Is Lockdown Justified?<\/a>&#8221; <em>Philosophy of Medicine<\/em> <i>3<\/i>(1):1-22, 2022.<\/p>\n<p><strong>Vasileios Iosifidis, Arjun Roy, and Eirini Ntoutsi<\/strong>, &#8220;<a href=\"https:\/\/arxiv.org\/pdf\/2201.01148v1.pdf\" target=\"_blank\" rel=\"noopener\">Parity-based Cumulative Fairness-aware Boosting<\/a>&#8220;, <em>Springer Journal Knowledge and Information Systems<\/em> <em>(KAIS)<\/em>, 2022.<\/p>\n<p><strong>Arjun Roy and Eirini Ntoutsi<\/strong>, &#8220;<a href=\"https:\/\/doi.org\/10.48550\/arXiv.2206.08403\" target=\"_blank\" rel=\"noopener\">Learning to Teach Fairness-Aware Deep Multi-Task Learning<\/a>&#8220;, <em>ECMLPKDD<\/em>, <em>Proceedings of the European Conference on Machine Learning and Principles and Practice of Knowledge Discovery in Databases<\/em>, 2022.<strong><br \/><\/strong><\/p>\n<p><strong>Tai Le Quy, Arjun Roy, Vasileios Iosifidis, Wenbin Zhang, Eirini Ntoutsi<\/strong>, &#8220;<a href=\"https:\/\/doi.org\/10.1002\/widm.1452\" target=\"_blank\" rel=\"noopener\">A survey on datasets for fairness-aware machine learning<\/a>&#8220;, <em>Wiley Interdisciplinary Reviews: Data Mining and Knowledge Discovery<\/em>, 2022.<\/p>\n<p><strong>Yi Cai, Arthur Zimek, and Eirini Ntoutsi<\/strong>, &#8220;<a href=\"https:\/\/arxiv.org\/abs\/2109.15004\" target=\"_blank\" rel=\"noopener\">XPROAX-Local explanations for text classification with progressive neighborhood approximation<\/a>&#8220;, <em>IEEE<\/em>, <em>8th International Conference on Data Science and Advanced Analytics (DSAA)<\/em>, 1-10, 2021.<\/p>\n<p><strong>Philip Naumann and Eirini Ntoutsi<\/strong>, &#8220;<a href=\"https:\/\/arxiv.org\/abs\/2104.05592\" target=\"_blank\" rel=\"noopener\">Consequence-aware Sequential Counterfactual Generation<\/a>&#8220;, <em>Machine Learning and Knowledge Discovery in Databases. Research Track &#8211; European Conference, ECML PKDD<\/em> 2021, Bilbao, Spain, September 13-17, 2021, Proceedings, Part II. Lecture Notes in Computer Science 12976, Springer 2021, ISBN 978-3-030-86519-1 (pp. 682-698), 2021.<\/p>\n<p><strong>Tai Le Quy, Arjun Roy, Gunnar Friege, and Eirini Ntoutsi<\/strong>, &#8220;<a href=\"https:\/\/arxiv.org\/abs\/2104.12116\" target=\"_blank\" rel=\"noopener\">Fair-Capacitated Clustering<\/a>&#8220;, <em>The 14th International Conference on Educational Data Mining<\/em> <em>(EDM21)<\/em>, 407-414, 2021.<\/p>\n<p><strong>Philippe van Basshuysen<\/strong>, &#8220;<a href=\"https:\/\/doi.org\/10.1007\/s11229-021-03333-y\" target=\"_blank\" rel=\"noreferrer noopener\">Rationality in games and institutions<\/a>&#8220;, <em>Synthese <\/em>199:12295\u201312314, <span data-test=\"article-publication-year\">2021<\/span>.<\/p>\n<p><strong>Philippe van Basshuysen and Lucie White<\/strong>, &#8220;<a href=\"https:\/\/www.academia.edu\/52161001\/The_Epistemic_Duties_of_Philosophers_An_Addendum\" target=\"_blank\" rel=\"noreferrer noopener\">The Epistemic Duties of Philosophers: An Addendum<\/a>&#8220;, <em>Kennedy Institute of Ethics Journal<\/em> 31(4):447-451, 2021.<\/p>\n<p><strong>Philippe van Basshuysen and Lucie White<\/strong>, &#8220;<a href=\"https:\/\/www.academia.edu\/44862608\/Were_Lockdowns_Justified_A_Return_to_the_Facts_and_Evidence\" target=\"_blank\" rel=\"noreferrer noopener\">Were Lockdowns Justified? A Return to the Facts and Evidence<\/a>&#8220;, <em>Kennedy Institute of Ethics Journal<\/em> 31(4):405-428, 2021.<em><br \/><\/em><\/p>\n<p><strong>Lucie White and Philippe van Basshuysen<\/strong>, &#8220;<a href=\"http:\/\/dx.doi.org\/10.1136\/medethics-2020-107061\" target=\"_blank\" rel=\"noopener\">Without a trace: Why corona apps failed<\/a>&#8220;, <em>Journal of Medical Ethics<\/em>, 47:e83, 2021.<\/p>\n<p><strong>Dietmar H\u00fcbner<\/strong>, &#8220;<a href=\"https:\/\/kdd.org\/exploration_files\/2_specialsectionBIAS_2.pdf\" target=\"_blank\" rel=\"noopener\">Two Kinds of Discrimination in AI-Based Penal Decision-Making<\/a>&#8220;, <em>SIGKDD Explorations<\/em> 23(1):4-13, 2021.<\/p>\n<p><strong>Philippe van Basshuysen, Lucie White, Donal Khosrowi, and Mathias Frisch<\/strong>, &#8220;<a href=\"https:\/\/doi.org\/10.23941\/ejpe.v14i1.582\" target=\"_blank\" rel=\"noopener\">Three Ways in Which Pandemic Models May Perform a Pandemic<\/a>&#8220;, <i>Erasmus Journal for Philosophy and Economics <\/i>14(1):110-127, 2021.<\/p>\n<p><strong>Philippe van Basshuysen and Lucie White<\/strong>, &#8220;<a href=\"https:\/\/doi.org\/10.1007\/s00481-021-00629-y\" target=\"_blank\" rel=\"noopener\">Mit Kontaktdaten gegen die Pandemie: Zur Ethik von Corona-Warn-Apps<\/a>&#8220;, <em>Ethik in der Medizin<\/em>, 33:387\u2013400, <span data-test=\"article-publication-year\">2021<\/span>.<\/p>\n<p><strong>Lucie White and Philippe van Basshuysen<\/strong>, &#8220;<a href=\"https:\/\/link.springer.com\/article\/10.1007%2Fs11948-021-00301-0\" target=\"_blank\" rel=\"noopener\">Privacy versus Public Health? A Reassessment of Centralised and Decentralised Digital Contact Tracing<\/a>&#8220;, <i>Science and Engineering Ethics, <\/i>27(2):1-13, 2021. <i><br \/><\/i><\/p>\n<p><strong>Philippe van Basshuysen<\/strong>, &#8220;<a href=\"https:\/\/doi.org\/10.1177\/0048393120971545\" target=\"_blank\" rel=\"noopener\">How to Build an Institution<\/a>&#8220;, <em>Philosophy of the Social Sciences <\/em>51(2):215-238, 2021.<\/p>\n<p><strong>Lucie White and Philippe van Basshuysen<\/strong>, &#8220;<a href=\"http:\/\/dx.doi.org\/10.1136\/medethics-2020-106680\" target=\"_blank\" rel=\"noopener\">How to overcome lockdown: selective isolation versus contact tracing<\/a>&#8220;, <em>Journal of Medical Ethics<\/em> 46(11):724-725, 2020.<\/p>\n<p><strong>Martin Ebers, Christian Heinze, Tina Kr\u00fcgel, and Bj\u00f6rn Steinr\u00f6tter<\/strong> (eds.), K\u00fcnstliche Intelligenz und Robotik. Rechtshandbuch, C.H. Beck, 2020, 1034 S.<\/p>\n<p><strong>Tongxin Hu, Vasileios Iosifidis, Liao Wentong et al.<\/strong>, &#8220;<a href=\"https:\/\/arxiv.org\/abs\/2004.02173\" target=\"_blank\" rel=\"noopener\">FairNN &#8211; Conjoint Learning of Fair Representations for Fair Decisions<\/a>&#8220;, <em>23rd International Conference on Discovery Science<\/em>, October 2020.<\/p>\n<p><strong>Dietmar H\u00fcbner, Lucie White, and Markus Ahlers<\/strong>, &#8220;Ethische Aspekte von Crash-Algorithmen f\u00fcr autonome Fahrzeuge: Rechte, Anspr\u00fcche und die Konstitutivit\u00e4t von Verkehrsregeln&#8221;, in Oppermann, Stender-Vorwachs (eds.): <em>Autonomes Fahren. Rechtsprobleme, Rechtsfolgen, technische Grundlagen,<\/em> 2nd ed. Munich 2020, S. 61-74.<\/p>\n<p><strong>Philippe van Basshuysen<\/strong>, &#8220;<a href=\"https:\/\/doi.org\/10.26556\/jesp.v18i1.895\" target=\"_blank\" rel=\"noopener\">Kidney Exchange and the Ethics of Giving<\/a>&#8220;, <em>Journal of Ethics and Social Philosophy<\/em> 18(1):85-110, 2020.<\/p>\n<p><strong>Eirini Ntoutsi, Pavlos Fafalios, Ujwal Gadiraju et al.<\/strong>, &#8220;<a href=\"https:\/\/doi.org\/10.1002\/widm.1356\" target=\"_blank\" rel=\"noopener\">Bias in data\u2010driven artificial intelligence systems\u2014An introductory survey<\/a>&#8220;, <em>Wiley Interdisciplinary Reviews: Data Mining and Knowledge Discovery<\/em>, 2020.<\/p>\n<p><!-- \/wp:paragraph --><!-- wp:paragraph --><\/p>\n<p><strong>Wenbin Zhang and Eirini Ntoutsi<\/strong>, &#8220;<a href=\"https:\/\/arxiv.org\/abs\/1907.07237\" target=\"_blank\" rel=\"noopener\">An Adaptive Fairness-aware Decision Tree Classifier<\/a>&#8220;,<em> International Joint Conference on Artificial Intelligence (IJCAI), <\/em>2019.<\/p>\n<p><!-- \/wp:paragraph --><!-- wp:paragraph --><\/p>\n<p><strong>Vasileios Iosifidis and Eirini Ntoutsi<\/strong>, &#8220;<a href=\"https:\/\/arxiv.org\/abs\/1909.08982\" target=\"_blank\" rel=\"noopener\">AdaFair: Cumulative Fairness Adaptive Boosting<\/a>&#8220;,<em> ACM International Conference on Information and Knowledge Management (CIKM)<\/em>, 2019.<\/p>\n<p><!-- \/wp:paragraph --><!-- wp:paragraph --><\/p>\n<p><strong>Vasileios Iosifidis, Besnik Fetahu and Eirini Ntoutsi<\/strong>, &#8220;<a href=\"https:\/\/arxiv.org\/abs\/2002.00695\" target=\"_blank\" rel=\"noopener\">FAE: A Fairness-Aware Ensemble Framework<\/a>&#8220;, <em>IEEE International Conference on Big Data<\/em>, 2019.<\/p>\n<p><!-- \/wp:paragraph --><!-- wp:paragraph --><\/p>\n<p><strong>Vasileios Iosifidis, Han Tran and Eirini Ntoutsi<\/strong>, &#8220;<a href=\"https:\/\/arxiv.org\/abs\/1907.07223\" target=\"_blank\" rel=\"noopener\">Fairness-enhancing interventions in stream classification<\/a>&#8220;,<em> 30th International Conference on Databases and Expert Systems Applications (DEXA)<\/em>, 2019.<\/p>\n<p><!-- \/wp:paragraph --><!-- wp:paragraph --><\/p>\n<p><strong>Vasileios Iosifidis and Eirini Ntoutsi,<\/strong> &#8220;<a href=\"http:\/\/ceur-ws.org\/Vol-2103\/paper_5.pdf\" target=\"_blank\" rel=\"noopener\">Dealing with\u00a0Bias\u00a0via Data Augmentation in Supervised Learning Scenarios<\/a>&#8220;,<em> BIAS\u00a0workshop in conjunction with iConference<\/em>, 2018.<\/p>\n<p><!-- \/wp:paragraph --><!-- wp:html --><!-- \/wp:html --><!-- wp:paragraph --><!-- \/wp:paragraph --><!-- wp:paragraph --><!-- \/wp:paragraph --><\/p>\t\t\t\t\t\t<\/div>\n\t\t\t\t<\/div>\n\t\t\t\t\t<\/div>\n\t\t<\/div>\n\t\t\t\t\t\t\t<\/div>\n\t\t<\/section>\n\t\t\t\t\t\t\t<\/div>\n\t\t","protected":false},"excerpt":{"rendered":"<p>Jan Horstmann, &#8220;CJEU: The Rating of a Natural Person\u2019s Creditworthiness by a Credit Rating Agency Constitutes Profiling and can be an Automated Decision under Article 22 GDPR&#8221;, European Data Protection Law, case notes (forthcoming). Donal Khosrowi, Philippe van Basshuysen, \u201cMaking a Murderer \u2013 How risk assessment tools may produce rather than predict criminal behavior\u201d, American [&hellip;]<\/p>\n","protected":false},"author":3,"featured_media":0,"parent":0,"menu_order":5,"comment_status":"closed","ping_status":"closed","template":"","meta":{"footnotes":""},"_links":{"self":[{"href":"https:\/\/bias-project.org\/index.php\/wp-json\/wp\/v2\/pages\/116"}],"collection":[{"href":"https:\/\/bias-project.org\/index.php\/wp-json\/wp\/v2\/pages"}],"about":[{"href":"https:\/\/bias-project.org\/index.php\/wp-json\/wp\/v2\/types\/page"}],"author":[{"embeddable":true,"href":"https:\/\/bias-project.org\/index.php\/wp-json\/wp\/v2\/users\/3"}],"replies":[{"embeddable":true,"href":"https:\/\/bias-project.org\/index.php\/wp-json\/wp\/v2\/comments?post=116"}],"version-history":[{"count":96,"href":"https:\/\/bias-project.org\/index.php\/wp-json\/wp\/v2\/pages\/116\/revisions"}],"predecessor-version":[{"id":964,"href":"https:\/\/bias-project.org\/index.php\/wp-json\/wp\/v2\/pages\/116\/revisions\/964"}],"wp:attachment":[{"href":"https:\/\/bias-project.org\/index.php\/wp-json\/wp\/v2\/media?parent=116"}],"curies":[{"name":"wp","href":"https:\/\/api.w.org\/{rel}","templated":true}]}}